{"id":2163,"date":"2022-01-08T15:46:47","date_gmt":"2022-01-08T12:46:47","guid":{"rendered":"https:\/\/villa-kalliopi.gr\/um-uns-herum\/"},"modified":"2022-01-08T19:44:27","modified_gmt":"2022-01-08T16:44:27","slug":"um-uns-herum","status":"publish","type":"page","link":"https:\/\/villa-kalliopi.gr\/de\/um-uns-herum\/","title":{"rendered":"Um uns herum"},"content":{"rendered":"<p>[vc_row css=&#8220;.vc_custom_1503500566808{margin-top: 50px !important;margin-bottom: 50px !important;}&#8220;][vc_column css=&#8220;.vc_custom_1486118015473{padding-right: 0px !important;padding-left: 0px !important;}&#8220;]\n\n\n\t<script type=\"text\/javascript\">\n    \/\/<![CDATA[\n    \n    jQuery(document).ready(function() {\n\n      \/\/START masonry\n      jQuery(function ($) {\n        \n        \/\/Masonry\n\t\tvar $nd_options_masonry_content = $(\".nd_options_masonry_content\").imagesLoaded( function() {\n\t\t  \/\/ init Masonry after all images have loaded\n\t\t  $nd_options_masonry_content.masonry({\n\t\t    itemSelector: \".nd_options_masonry_item\"\n\t\t  });\n\t\t});\n\n\n      });\n      \/\/END masonry\n\n    });\n\n    \/\/]]>\n  <\/script>\n\n\n<!--START MASONRY--><div class=\"nd_options_section nd_options_masonry_content  \">\n\n\n\t    <div class=\" nd_options_width_33_percentage nd_options_float_left nd_options_padding_15 nd_options_box_sizing_border_box nd_options_masonry_item nd_options_width_100_percentage_responsive\">\n\t\t    <div class=\"nd_options_section nd_options_border_1_solid_grey nd_options_bg_white\">\n\n\t\t        <div class=\"nd_options_section nd_options_position_relative\">\n\t\t            \n\t\t            \n\n\n\t\t  \t<div class=\"nd_options_section nd_options_position_relative\">\n\t\t        <a href=\"https:\/\/villa-kalliopi.gr\/de\/was-ist-in-der-naehe\/\"><img alt=\"\" class=\"nd_options_section\" src=\"https:\/\/villa-kalliopi.gr\/wp-content\/uploads\/2021\/12\/amaliada.jpeg\"><\/a>\n\t\t    <\/div>\n\n\t\t  \t\n\n\t\t        <\/div>\n\n\t\t        <div class=\"nd_options_section nd_options_padding_30 nd_options_box_sizing_border_box\">\n\t\t            <h5 class=\"nd_options_margin_0_important nd_options_padding_0 nd_options_second_font nd_options_color_greydark nd_options_font_size_12 nd_options_text_transform_uppercase nd_options_letter_spacing_3 nd_options_font_weight_lighter\">Um uns herum <\/h5>\n\n\t\t            <div class=\"nd_options_section nd_options_height_15\"><\/div>\n\t \t\t\t\t<div class=\"nd_options_section nd_options_line_height_0\"><span class=\"nd_options_display_inline_block nd_options_float_left nd_options_bg_greydark nd_options_width_30 nd_options_height_1\"><\/span><\/div>\n\t \t\t\t\t<div class=\"nd_options_section nd_options_height_15\"><\/div>\n\n\t\t            <h2 class=\"nd_options_margin_0_important nd_options_padding_0 \">Was ist in der N\u00e4he<\/h2>\n\t\t            <div class=\"nd_options_section nd_options_height_20\"><\/div>\n\t\t            <p class=\"nd_options_margin_0_important nd_options_padding_0\">[vc_row][vc_column][vc_row_inner][vc_column_inner][vc_column_text]Superm\u00e4rkte: Mini Markt der Nachbarschaft 150m Lidl 4.9km Sklavenitis 5.6km B\u00e4cker: Mini Market der Nachbarschaft 150m N\u00e4chstgelegenes Stadt: Amaliada 7.4km N\u00e4chstliegendes Krankenhaus: Prefecture General Hospital of Amaliada 7.1km N\u00e4chstgelegene Apotheke: Amaliada 7.4km[\/vc_column_text][\/vc_column_inner][\/vc_row_inner][\/vc_column][\/vc_row]<\/p>\n\t\t            <div class=\"nd_options_section nd_options_height_20\"><\/div>\n\t\t            <a style=\"border: 2px solid #000; color:#000;\" class=\"nd_options_display_inline_block nd_options_line_height_11 nd_options_text_align_center nd_options_box_sizing_border_box nd_options_font_size_11 nd_options_font_weight_bold nd_options_second_font nd_options_padding_15_30  \" href=\"https:\/\/villa-kalliopi.gr\/de\/was-ist-in-der-naehe\/\">WEITERLESEN<\/a>\n\n\t\t        <\/div>\n\n\t\t    <\/div>\n\t\t<\/div>\n\n\n\t  \n\n\n\t    <div class=\" nd_options_width_33_percentage nd_options_float_left nd_options_padding_15 nd_options_box_sizing_border_box nd_options_masonry_item nd_options_width_100_percentage_responsive\">\n\t\t    <div class=\"nd_options_section nd_options_border_1_solid_grey nd_options_bg_white\">\n\n\t\t        <div class=\"nd_options_section nd_options_position_relative\">\n\t\t            \n\t\t            \n\n\n\t\t  \t<div class=\"nd_options_section nd_options_position_relative\">\n\t\t        <a href=\"https:\/\/villa-kalliopi.gr\/de\/unterhaltung-vorschlaege\/\"><img alt=\"\" class=\"nd_options_section\" src=\"https:\/\/villa-kalliopi.gr\/wp-content\/uploads\/2021\/12\/3646980414_0c33d393a5_z.jpg\"><\/a>\n\t\t    <\/div>\n\n\t\t  \t\n\n\t\t        <\/div>\n\n\t\t        <div class=\"nd_options_section nd_options_padding_30 nd_options_box_sizing_border_box\">\n\t\t            <h5 class=\"nd_options_margin_0_important nd_options_padding_0 nd_options_second_font nd_options_color_greydark nd_options_font_size_12 nd_options_text_transform_uppercase nd_options_letter_spacing_3 nd_options_font_weight_lighter\">Um uns herum <\/h5>\n\n\t\t            <div class=\"nd_options_section nd_options_height_15\"><\/div>\n\t \t\t\t\t<div class=\"nd_options_section nd_options_line_height_0\"><span class=\"nd_options_display_inline_block nd_options_float_left nd_options_bg_greydark nd_options_width_30 nd_options_height_1\"><\/span><\/div>\n\t \t\t\t\t<div class=\"nd_options_section nd_options_height_15\"><\/div>\n\n\t\t            <h2 class=\"nd_options_margin_0_important nd_options_padding_0 \">Unterhaltung Vorschl\u00e4ge<\/h2>\n\t\t            <div class=\"nd_options_section nd_options_height_20\"><\/div>\n\t\t            <p class=\"nd_options_margin_0_important nd_options_padding_0\">[vc_row][vc_column][vc_column_text]Restaurants: Ambrosia summer 150m SKOURFOUNTAS Porto Marine Restaurant 100m Kourouta 2.3km Katakolo 23km Axilleion Mare Restaurant 3.2km (-10%) Bars: Ammos all day beach bar 150m Kourouta 2.3km Katakolo 23km F\u00fcr Kinder:Vergn\u00fcgungspark Kourouta[\/vc_column_text][\/vc_column][\/vc_row]<\/p>\n\t\t            <div class=\"nd_options_section nd_options_height_20\"><\/div>\n\t\t            <a style=\"border: 2px solid #000; color:#000;\" class=\"nd_options_display_inline_block nd_options_line_height_11 nd_options_text_align_center nd_options_box_sizing_border_box nd_options_font_size_11 nd_options_font_weight_bold nd_options_second_font nd_options_padding_15_30  \" href=\"https:\/\/villa-kalliopi.gr\/de\/unterhaltung-vorschlaege\/\">WEITERLESEN<\/a>\n\n\t\t        <\/div>\n\n\t\t    <\/div>\n\t\t<\/div>\n\n\n\t  \n\n\n\t    <div class=\" nd_options_width_33_percentage nd_options_float_left nd_options_padding_15 nd_options_box_sizing_border_box nd_options_masonry_item nd_options_width_100_percentage_responsive\">\n\t\t    <div class=\"nd_options_section nd_options_border_1_solid_grey nd_options_bg_white\">\n\n\t\t        <div class=\"nd_options_section nd_options_position_relative\">\n\t\t            \n\t\t            \n\n\n\t\t  \t<div class=\"nd_options_section nd_options_position_relative\">\n\t\t        <a href=\"https:\/\/villa-kalliopi.gr\/de\/straende-ausfluege\/\"><img alt=\"\" class=\"nd_options_section\" src=\"https:\/\/villa-kalliopi.gr\/wp-content\/uploads\/2021\/12\/paralia-marathias.jpeg\"><\/a>\n\t\t    <\/div>\n\n\t\t  \t\n\n\t\t        <\/div>\n\n\t\t        <div class=\"nd_options_section nd_options_padding_30 nd_options_box_sizing_border_box\">\n\t\t            <h5 class=\"nd_options_margin_0_important nd_options_padding_0 nd_options_second_font nd_options_color_greydark nd_options_font_size_12 nd_options_text_transform_uppercase nd_options_letter_spacing_3 nd_options_font_weight_lighter\">Um uns herum <\/h5>\n\n\t\t            <div class=\"nd_options_section nd_options_height_15\"><\/div>\n\t \t\t\t\t<div class=\"nd_options_section nd_options_line_height_0\"><span class=\"nd_options_display_inline_block nd_options_float_left nd_options_bg_greydark nd_options_width_30 nd_options_height_1\"><\/span><\/div>\n\t \t\t\t\t<div class=\"nd_options_section nd_options_height_15\"><\/div>\n\n\t\t            <h2 class=\"nd_options_margin_0_important nd_options_padding_0 \">Str\u00e4nde &amp; Ausfl\u00fcge<\/h2>\n\t\t            <div class=\"nd_options_section nd_options_height_20\"><\/div>\n\t\t            <p class=\"nd_options_margin_0_important nd_options_padding_0\">[vc_row][vc_column][vc_column_text]Organisierte Str\u00e4nde: Ammos all day beach bar 150m SKOURFOUNTAS Porto Marine Restaurant 100m Kantina Agias Marinas 2.5km (kinderfreundlich) Kourouta 2.3km Ausfl\u00fcge: Archaia Olympia 36km Neda 71km Church of Agia Theodora, Agia Theodora Vasta Arcadia 123km Kalamata 136km Zakynthos 69km Patras 83km [\/vc_column_text][\/vc_column][\/vc_row]<\/p>\n\t\t            <div class=\"nd_options_section nd_options_height_20\"><\/div>\n\t\t            <a style=\"border: 2px solid #000; color:#000;\" class=\"nd_options_display_inline_block nd_options_line_height_11 nd_options_text_align_center nd_options_box_sizing_border_box nd_options_font_size_11 nd_options_font_weight_bold nd_options_second_font nd_options_padding_15_30  \" href=\"https:\/\/villa-kalliopi.gr\/de\/straende-ausfluege\/\">WEITERLESEN<\/a>\n\n\t\t        <\/div>\n\n\t\t    <\/div>\n\t\t<\/div>\n\n\n\t  <\/div><!--CLOSE MASONRY-->[\/vc_column][\/vc_row]<\/p>\n","protected":false},"excerpt":{"rendered":"<p>[vc_row css=&#8220;.vc_custom_1503500566808{margin-top: 50px !important;margin-bottom: 50px !important;}&#8220;][vc_column css=&#8220;.vc_custom_1486118015473{padding-right: 0px !important;padding-left: 0px !important;}&#8220;][\/vc_column][\/vc_row]<\/p>\n","protected":false},"author":3,"featured_media":0,"parent":0,"menu_order":0,"comment_status":"closed","ping_status":"closed","template":"","meta":[],"_links":{"self":[{"href":"https:\/\/villa-kalliopi.gr\/de\/wp-json\/wp\/v2\/pages\/2163"}],"collection":[{"href":"https:\/\/villa-kalliopi.gr\/de\/wp-json\/wp\/v2\/pages"}],"about":[{"href":"https:\/\/villa-kalliopi.gr\/de\/wp-json\/wp\/v2\/types\/page"}],"author":[{"embeddable":true,"href":"https:\/\/villa-kalliopi.gr\/de\/wp-json\/wp\/v2\/users\/3"}],"replies":[{"embeddable":true,"href":"https:\/\/villa-kalliopi.gr\/de\/wp-json\/wp\/v2\/comments?post=2163"}],"version-history":[{"count":4,"href":"https:\/\/villa-kalliopi.gr\/de\/wp-json\/wp\/v2\/pages\/2163\/revisions"}],"predecessor-version":[{"id":2242,"href":"https:\/\/villa-kalliopi.gr\/de\/wp-json\/wp\/v2\/pages\/2163\/revisions\/2242"}],"wp:attachment":[{"href":"https:\/\/villa-kalliopi.gr\/de\/wp-json\/wp\/v2\/media?parent=2163"}],"curies":[{"name":"wp","href":"https:\/\/api.w.org\/{rel}","templated":true}]}}