{"id":2101,"date":"2022-01-06T15:07:58","date_gmt":"2022-01-06T12:07:58","guid":{"rendered":"https:\/\/villa-kalliopi.gr\/ueber-uns\/"},"modified":"2025-01-29T16:21:13","modified_gmt":"2025-01-29T13:21:13","slug":"ueber-uns","status":"publish","type":"page","link":"https:\/\/villa-kalliopi.gr\/de\/ueber-uns\/","title":{"rendered":"\u00dcber Uns"},"content":{"rendered":"<p>[vc_row][vc_column width=&#8220;6\/12&#8243; css=&#8220;.vc_custom_1467360650255{margin-top: 10px !important;margin-bottom: 10px !important;padding-top: 0px !important;padding-right: 40px !important;}&#8220;]<div style=\"background-color:; height: 10px;\" class=\"nicdark_section  \"><\/div> <h1 style=\"color:#727475; padding:px; text-align:right; font-size:40px; line-height:50px; letter-spacing: px; font-weight:normal;\" class=\"  nd_options_text_align_center_responsive_important nd_options_first_font \">Our pleasure to welcome you to ''Villa Kalliopi''!<\/h1> <div style=\"background-color:; height: 20px;\" class=\"nicdark_section  \"><\/div> <h2 style=\"color:#727475; padding:px; text-align:right; font-size:25px; line-height:30px; letter-spacing: px; font-weight:normal;\" class=\"  nd_options_text_align_center_responsive_important nd_options_first_font \">Here at ''Villa Kalliopi'' near the port of Palouki you have the opportunity to plan your vacation as you wish.<\/h2> [\/vc_column][vc_column width=&#8220;3\/12&#8243; css=&#8220;.vc_custom_1467207292391{margin-top: 10px !important;margin-bottom: 10px !important;padding-top: 0px !important;}&#8220;]<div style=\"background-color:; height: 20px;\" class=\"nicdark_section  \"><\/div>[vc_column_text el_class=&#8220;nd_options_text_align_center_responsive&#8220;]Auf unserer Seite wirst du ausreichend informiert was dir &#8222;Villa Kalliopi&#8220; samt Umgebung zu bieten hat. Ob alt oder jung, hier findest du den Strand, der zu dir passt.[\/vc_column_text]<div style=\"background-color:; height: 20px;\" class=\"nicdark_section  \"><\/div>[vc_column_text el_class=&#8220;nd_options_text_align_center_responsive&#8220;]Was das Essen angeht haben wir dir auch zahlreiche Tipps zusammengestellt wo du essen kannst. Machst du gerne Ausfl\u00fcge , dann hast du hier viele M\u00f6glichkeiten dein Tag zu gestalten.[\/vc_column_text][\/vc_column][vc_column width=&#8220;3\/12&#8243; css=&#8220;.vc_custom_1467207298589{margin-top: 10px !important;margin-bottom: 10px !important;padding-top: 0px !important;}&#8220;]<div style=\"background-color:; height: 20px;\" class=\"nicdark_section  \"><\/div>[vc_column_text el_class=&#8220;nd_options_text_align_center_responsive&#8220;]Die bekannte Strandpromenade Kourouta befindet sich nur wenige Kilometer von der &#8222;Villa Kalliopi&#8220; entfernt , mit vielen Restaurants , Bars , Clubs,und f\u00fcr unsere kleinen G\u00e4ste einen kleinen Freizeitpark.[\/vc_column_text]<div style=\"background-color:; height: 20px;\" class=\"nicdark_section  \"><\/div>[vc_column_text el_class=&#8220;nd_options_text_align_center_responsive&#8220;]Auf unserer Seite bekommst du noch mehr Infos \u00fcber die Anlagen und die Gegend.[\/vc_column_text][\/vc_column][\/vc_row][vc_row css=&#8220;.vc_custom_1639820093061{margin-top: 30px !important;margin-bottom: 30px !important;}&#8220;][vc_column] <h3 style=\"color:#727475; padding:px; text-align:center; font-size:20px; line-height:30px; letter-spacing: px; font-weight:normal;\" class=\"  nd_options_text_align_center_responsive_important nd_options_first_font \">Unser Team<\/h3> [vc_icon icon_fontawesome=&#8220;fas fa-chevron-down&#8220; color=&#8220;custom&#8220; align=&#8220;center&#8220; custom_color=&#8220;#727475&#8243;][\/vc_column][\/vc_row][vc_row full_width=&#8220;stretch_row&#8220; parallax=&#8220;content-moving&#8220; parallax_image=&#8220;2414&#8243; css=&#8220;.vc_custom_1651309122207{margin-top: 60px !important;padding-top: 100px !important;padding-bottom: 100px !important;}&#8220; el_class=&#8220;nd_options_vc_parallax_filter_2_2&#8243;][vc_column width=&#8220;8\/12&#8243;]\n\n\n    <div class=\"nd_options_section nd_options_position_relative nd_options_service_about_l5\">\n        <img alt=\"\" class=\"nd_options_position_absolute nd_options_left_0\" width=\"55\" src=\"\">\n        <div class=\"nd_options_section nd_options_padding_left_80 nd_options_box_sizing_border_box\">\n            <h1 class=\"nd_options_font_size_40 nd_options_line_height_50\" style=\"color:#ffffff;\"><strong>Sehen Sie sich unsere 3 Appartements an.<\/strong><\/h1>\n        <\/div>\n    <\/div>\n\n\n  <div style=\"background-color:; height: 70px;\" class=\"nicdark_section  \"><\/div>[vc_row_inner][vc_column_inner width=&#8220;1\/3&#8243; css=&#8220;.vc_custom_1469630269458{padding-top: 10px !important;padding-bottom: 10px !important;}&#8220;] <p style=\"color:#ffffff; padding:px; text-align:center; font-size:25px; line-height:30px; letter-spacing: 2px; font-weight:lighter;\" class=\"   nd_options_second_font \">SUNSET<\/p> <div style=\"background-color:; height: 20px;\" class=\"nicdark_section  \"><\/div>[\/vc_column_inner][vc_column_inner width=&#8220;1\/3&#8243; css=&#8220;.vc_custom_1469630276028{padding-top: 10px !important;padding-bottom: 10px !important;}&#8220;] <p style=\"color:#ffffff; padding:px; text-align:center; font-size:25px; line-height:30px; letter-spacing: 2px; font-weight:lighter;\" class=\"   nd_options_second_font \">SUNRISE<\/p> <div style=\"background-color:; height: 20px;\" class=\"nicdark_section  \"><\/div>[\/vc_column_inner][vc_column_inner width=&#8220;1\/3&#8243; css=&#8220;.vc_custom_1469630283566{padding-top: 10px !important;padding-bottom: 10px !important;}&#8220;] <p style=\"color:#ffffff; padding:px; text-align:center; font-size:25px; line-height:30px; letter-spacing: 2px; font-weight:lighter;\" class=\"   nd_options_second_font \">TROPIC<\/p> <div style=\"background-color:; height: 20px;\" class=\"nicdark_section  \"><\/div>[\/vc_column_inner][\/vc_row_inner][\/vc_column][vc_column width=&#8220;4\/12&#8243;][\/vc_column][\/vc_row][vc_row css=&#8220;.vc_custom_1492509935473{margin-top: 45px !important;}&#8220;][vc_column width=&#8220;1\/12&#8243; el_class=&#8220;nd_options_text_align_center&#8220;][\/vc_column][vc_column width=&#8220;5\/12&#8243;]<div style=\"background-color:; height: 25px;\" class=\"nicdark_section  \"><\/div>\n    <div style=\"text-align:center;\" class=\"nd_options_section\">\n      <img alt=\"\" style=\"width:50px;\" class=\" nd_options_margin_0 nd_options_padding_0 \" src=\"https:\/\/villa-kalliopi.gr\/wp-content\/uploads\/2021\/12\/house-icon.png\">\n    <\/div>\n   [vc_column_text]<\/p>\n<div class=\"nd_options_section nd_options_box_sizing_border_box\" style=\"text-align: center;\">\n<p class=\"nd_options_second_font \">3 Maisonette Haus<\/p>\n<\/div>\n<p>[\/vc_column_text]<div style=\"background-color:; height: 50px;\" class=\"nicdark_section  \"><\/div>\n    <div style=\"text-align:center;\" class=\"nd_options_section\">\n      <img alt=\"\" style=\"width:50px;\" class=\" nd_options_margin_0 nd_options_padding_0 \" src=\"https:\/\/villa-kalliopi.gr\/wp-content\/uploads\/2021\/12\/sea-sun.png\">\n    <\/div>\n   [vc_column_text]<\/p>\n<p style=\"text-align: center;\">Jedes unserer H\u00e4user ist mit Meerblick Richtung Sonnenuntergang<\/p>\n<p>[\/vc_column_text]<div style=\"background-color:; height: 25px;\" class=\"nicdark_section  \"><\/div>[\/vc_column][vc_column width=&#8220;5\/12&#8243;]<div style=\"background-color:; height: 25px;\" class=\"nicdark_section  \"><\/div>\n    <div style=\"text-align:center;\" class=\"nd_options_section\">\n      <img alt=\"\" style=\"width:50px;\" class=\" nd_options_margin_0 nd_options_padding_0 \" src=\"https:\/\/villa-kalliopi.gr\/wp-content\/uploads\/2021\/12\/equip-icon.png\">\n    <\/div>\n   [vc_column_text]<\/p>\n<div class=\"nd_options_section nd_options_box_sizing_border_box\" style=\"text-align: center;\">\n<p class=\"nd_options_second_font \">Voll ausgestattet<\/p>\n<\/div>\n<p>[\/vc_column_text]<div style=\"background-color:; height: 50px;\" class=\"nicdark_section  \"><\/div>\n    <div style=\"text-align:center;\" class=\"nd_options_section\">\n      <img alt=\"\" style=\"width:50px;\" class=\" nd_options_margin_0 nd_options_padding_0 \" src=\"https:\/\/villa-kalliopi.gr\/wp-content\/uploads\/2021\/12\/vacay.png\">\n    <\/div>\n   [vc_column_text]<\/p>\n<div class=\"nd_options_section nd_options_box_sizing_border_box\" style=\"text-align: center;\">\n<p class=\"nd_options_second_font \">Gro\u00dfe Auswahl an M\u00f6glichkeiten f\u00fcr Spa\u00df, Essen, Str\u00e4nde usw.<\/p>\n<\/div>\n<p>[\/vc_column_text]<div style=\"background-color:; height: 25px;\" class=\"nicdark_section  \"><\/div>[\/vc_column][vc_column width=&#8220;1\/12&#8243;][\/vc_column][\/vc_row]<\/p>\n","protected":false},"excerpt":{"rendered":"<p>[vc_row][vc_column width=&#8220;6\/12&#8243; css=&#8220;.vc_custom_1467360650255{margin-top: 10px !important;margin-bottom: 10px !important;padding-top: 0px !important;padding-right: 40px !important;}&#8220;][\/vc_column][vc_column width=&#8220;3\/12&#8243; css=&#8220;.vc_custom_1467207292391{margin-top: 10px !important;margin-bottom: 10px !important;padding-top: 0px !important;}&#8220;][vc_column_text el_class=&#8220;nd_options_text_align_center_responsive&#8220;]Auf unserer Seite wirst du ausreichend informiert was dir &#8222;Villa Kalliopi&#8220; samt Umgebung zu bieten hat. Ob alt oder jung, hier findest du den Strand, der zu dir passt.[\/vc_column_text][vc_column_text el_class=&#8220;nd_options_text_align_center_responsive&#8220;]Was das Essen angeht haben wir dir [&hellip;]<\/p>\n","protected":false},"author":3,"featured_media":0,"parent":0,"menu_order":0,"comment_status":"closed","ping_status":"closed","template":"","meta":[],"_links":{"self":[{"href":"https:\/\/villa-kalliopi.gr\/de\/wp-json\/wp\/v2\/pages\/2101"}],"collection":[{"href":"https:\/\/villa-kalliopi.gr\/de\/wp-json\/wp\/v2\/pages"}],"about":[{"href":"https:\/\/villa-kalliopi.gr\/de\/wp-json\/wp\/v2\/types\/page"}],"author":[{"embeddable":true,"href":"https:\/\/villa-kalliopi.gr\/de\/wp-json\/wp\/v2\/users\/3"}],"replies":[{"embeddable":true,"href":"https:\/\/villa-kalliopi.gr\/de\/wp-json\/wp\/v2\/comments?post=2101"}],"version-history":[{"count":15,"href":"https:\/\/villa-kalliopi.gr\/de\/wp-json\/wp\/v2\/pages\/2101\/revisions"}],"predecessor-version":[{"id":2826,"href":"https:\/\/villa-kalliopi.gr\/de\/wp-json\/wp\/v2\/pages\/2101\/revisions\/2826"}],"wp:attachment":[{"href":"https:\/\/villa-kalliopi.gr\/de\/wp-json\/wp\/v2\/media?parent=2101"}],"curies":[{"name":"wp","href":"https:\/\/api.w.org\/{rel}","templated":true}]}}